{"id":32,"date":"2025-09-06T08:43:31","date_gmt":"2025-09-06T08:43:31","guid":{"rendered":"https:\/\/vtc-lehavre.fr\/?page_id=32"},"modified":"2025-09-09T22:03:32","modified_gmt":"2025-09-09T22:03:32","slug":"a-propos-de-nous","status":"publish","type":"page","link":"https:\/\/vtc-lehavre.fr\/index.php\/a-propos-de-nous\/","title":{"rendered":"\u00c0 propos de nous"},"content":{"rendered":"\t\t<div data-elementor-type=\"wp-page\" data-elementor-id=\"32\" class=\"elementor elementor-32\" data-elementor-post-type=\"page\">\n\t\t\t\t\t\t<section class=\"elementor-section elementor-top-section elementor-element elementor-element-b8dd237 elementor-section-height-min-height elementor-section-boxed elementor-section-height-default elementor-section-items-middle\" data-id=\"b8dd237\" data-element_type=\"section\" data-settings=\"{&quot;background_background&quot;:&quot;classic&quot;}\">\n\t\t\t\t\t\t\t<div class=\"elementor-background-overlay\"><\/div>\n\t\t\t\t\t\t\t<div class=\"elementor-container elementor-column-gap-default\">\n\t\t\t\t\t<div class=\"elementor-column elementor-col-100 elementor-top-column elementor-element elementor-element-f5df87a\" data-id=\"f5df87a\" data-element_type=\"column\" data-settings=\"{&quot;background_background&quot;:&quot;classic&quot;}\">\n\t\t\t<div class=\"elementor-widget-wrap elementor-element-populated\">\n\t\t\t\t\t<div class=\"elementor-background-overlay\"><\/div>\n\t\t\t\t\t\t<section class=\"elementor-section elementor-inner-section elementor-element elementor-element-19efbea elementor-section-boxed elementor-section-height-default elementor-section-height-default\" data-id=\"19efbea\" data-element_type=\"section\">\n\t\t\t\t\t\t<div class=\"elementor-container elementor-column-gap-default\">\n\t\t\t\t\t<div class=\"elementor-column elementor-col-100 elementor-inner-column elementor-element elementor-element-aa94d68\" data-id=\"aa94d68\" data-element_type=\"column\">\n\t\t\t<div class=\"elementor-widget-wrap elementor-element-populated\">\n\t\t\t\t\t\t<div class=\"elementor-element elementor-element-de8822d elementor-widget elementor-widget-heading\" data-id=\"de8822d\" data-element_type=\"widget\" data-widget_type=\"heading.default\">\n\t\t\t\t\t<h2 class=\"elementor-heading-title elementor-size-default\">\u00c0 propos de nous<\/h2>\t\t\t\t<\/div>\n\t\t\t\t\t<\/div>\n\t\t<\/div>\n\t\t\t\t\t<\/div>\n\t\t<\/section>\n\t\t\t\t\t<\/div>\n\t\t<\/div>\n\t\t\t\t\t<\/div>\n\t\t<\/section>\n\t\t\t\t<section class=\"elementor-section elementor-top-section elementor-element elementor-element-b139d42 elementor-section-boxed elementor-section-height-default elementor-section-height-default\" data-id=\"b139d42\" data-element_type=\"section\" data-settings=\"{&quot;background_background&quot;:&quot;classic&quot;}\">\n\t\t\t\t\t\t<div class=\"elementor-container elementor-column-gap-no\">\n\t\t\t\t\t<div class=\"elementor-column elementor-col-100 elementor-top-column elementor-element elementor-element-afecfde\" data-id=\"afecfde\" data-element_type=\"column\">\n\t\t\t<div class=\"elementor-widget-wrap elementor-element-populated\">\n\t\t\t\t\t\t<section class=\"elementor-section elementor-inner-section elementor-element elementor-element-c06ee1b elementor-section-boxed elementor-section-height-default elementor-section-height-default\" data-id=\"c06ee1b\" data-element_type=\"section\">\n\t\t\t\t\t\t<div class=\"elementor-container elementor-column-gap-no\">\n\t\t\t\t\t<div class=\"elementor-column elementor-col-50 elementor-inner-column elementor-element elementor-element-dc2c0d6\" data-id=\"dc2c0d6\" data-element_type=\"column\">\n\t\t\t<div class=\"elementor-widget-wrap elementor-element-populated\">\n\t\t\t\t\t\t<div class=\"elementor-element elementor-element-17f16c2 elementor-widget elementor-widget-heading\" data-id=\"17f16c2\" data-element_type=\"widget\" data-widget_type=\"heading.default\">\n\t\t\t\t\t<h3 class=\"elementor-heading-title elementor-size-default\">About ..<\/h3>\t\t\t\t<\/div>\n\t\t\t\t<div class=\"elementor-element elementor-element-d90bd02 elementor-widget elementor-widget-text-editor\" data-id=\"d90bd02\" data-element_type=\"widget\" data-widget_type=\"text-editor.default\">\n\t\t\t\t\t\t\t\t\t<h2>Notre Histoire<\/h2><p class=\"ds-markdown-paragraph\">Fond\u00e9e au c\u0153ur de la Normandie, VTC LE HAVRE est n\u00e9e d&#8217;une passion pour l&#8217;excellence du service et du d\u00e9sir de red\u00e9finir les standards du transport priv\u00e9 dans la r\u00e9gion. Depuis nos d\u00e9buts, nous avons construit notre r\u00e9putation sur trois piliers fondamentaux : la ponctualit\u00e9 absolue, le professionnalisme irr\u00e9prochable et l&#8217;attention personnalis\u00e9e que nous accordons \u00e0 chaque client.<\/p><p class=\"ds-markdown-paragraph\">Notre \u00e9quipe de chauffeurs exp\u00e9riment\u00e9s partage une m\u00eame vision : transformer chaque trajet en une exp\u00e9rience agr\u00e9able, s\u00e9curis\u00e9e et sans stress. Que vous soyez un voyageur d&#8217;affaires press\u00e9, une famille en vacances ou un couple cherchant \u00e0 explorer les merveilles de la Normandie, nous nous engageons \u00e0 rendre votre d\u00e9placement aussi confortable que m\u00e9morable.<\/p><p>\u00a0<\/p>\t\t\t\t\t\t\t\t<\/div>\n\t\t\t\t\t<\/div>\n\t\t<\/div>\n\t\t\t\t<div class=\"elementor-column elementor-col-50 elementor-inner-column elementor-element elementor-element-0decc98\" data-id=\"0decc98\" data-element_type=\"column\" data-settings=\"{&quot;background_background&quot;:&quot;classic&quot;}\">\n\t\t\t<div class=\"elementor-widget-wrap elementor-element-populated\">\n\t\t\t\t\t\t<div class=\"elementor-element elementor-element-9e1ee49 elementor-widget elementor-widget-spacer\" data-id=\"9e1ee49\" data-element_type=\"widget\" data-widget_type=\"spacer.default\">\n\t\t\t\t\t\t\t<div class=\"elementor-spacer\">\n\t\t\t<div class=\"elementor-spacer-inner\"><\/div>\n\t\t<\/div>\n\t\t\t\t\t\t<\/div>\n\t\t\t\t\t<\/div>\n\t\t<\/div>\n\t\t\t\t\t<\/div>\n\t\t<\/section>\n\t\t\t\t<div class=\"elementor-element elementor-element-3a276ea elementor-widget elementor-widget-heading\" data-id=\"3a276ea\" data-element_type=\"widget\" data-widget_type=\"heading.default\">\n\t\t\t\t\t<h2 class=\"elementor-heading-title elementor-size-default\">Notre Engagement<\/h2>\t\t\t\t<\/div>\n\t\t\t\t<section class=\"elementor-section elementor-inner-section elementor-element elementor-element-b69ab2f elementor-section-boxed elementor-section-height-default elementor-section-height-default\" data-id=\"b69ab2f\" data-element_type=\"section\">\n\t\t\t\t\t\t<div class=\"elementor-container elementor-column-gap-no\">\n\t\t\t\t\t<div class=\"elementor-column elementor-col-33 elementor-inner-column elementor-element elementor-element-2925f56\" data-id=\"2925f56\" data-element_type=\"column\">\n\t\t\t<div class=\"elementor-widget-wrap elementor-element-populated\">\n\t\t\t\t\t\t<div class=\"elementor-element elementor-element-c31a8cb elementor-position-left elementor-view-default elementor-mobile-position-top elementor-widget elementor-widget-icon-box\" data-id=\"c31a8cb\" data-element_type=\"widget\" data-widget_type=\"icon-box.default\">\n\t\t\t\t\t\t\t<div class=\"elementor-icon-box-wrapper\">\n\n\t\t\t\t\t\t<div class=\"elementor-icon-box-icon\">\n\t\t\t\t<span  class=\"elementor-icon\">\n\t\t\t\t<i aria-hidden=\"true\" class=\"icon icon-shield\"><\/i>\t\t\t\t<\/span>\n\t\t\t<\/div>\n\t\t\t\n\t\t\t\t\t\t<div class=\"elementor-icon-box-content\">\n\n\t\t\t\t\t\t\t\t\t<h5 class=\"elementor-icon-box-title\">\n\t\t\t\t\t\t<span  >\n\t\t\t\t\t\t\tS\u00e9curit\u00e9 avant tout \t\t\t\t\t\t<\/span>\n\t\t\t\t\t<\/h5>\n\t\t\t\t\n\t\t\t\t\n\t\t\t<\/div>\n\t\t\t\n\t\t<\/div>\n\t\t\t\t\t\t<\/div>\n\t\t\t\t<div class=\"elementor-element elementor-element-fdcfb02 elementor-widget elementor-widget-text-editor\" data-id=\"fdcfb02\" data-element_type=\"widget\" data-widget_type=\"text-editor.default\">\n\t\t\t\t\t\t\t\t\t<p>Tous nos chauffeurs sont professionnellement form\u00e9s, poss\u00e8dent les licences requises et suivent des formations continues. Nos v\u00e9hicules sont rigoureusement entretenus selon les standards les plus exigeants.<\/p>\t\t\t\t\t\t\t\t<\/div>\n\t\t\t\t\t<\/div>\n\t\t<\/div>\n\t\t\t\t<div class=\"elementor-column elementor-col-33 elementor-inner-column elementor-element elementor-element-a10d5d3\" data-id=\"a10d5d3\" data-element_type=\"column\">\n\t\t\t<div class=\"elementor-widget-wrap elementor-element-populated\">\n\t\t\t\t\t\t<div class=\"elementor-element elementor-element-1edcbc8 elementor-position-left elementor-view-default elementor-mobile-position-top elementor-widget elementor-widget-icon-box\" data-id=\"1edcbc8\" data-element_type=\"widget\" data-widget_type=\"icon-box.default\">\n\t\t\t\t\t\t\t<div class=\"elementor-icon-box-wrapper\">\n\n\t\t\t\t\t\t<div class=\"elementor-icon-box-icon\">\n\t\t\t\t<span  class=\"elementor-icon\">\n\t\t\t\t<i aria-hidden=\"true\" class=\"icon icon-car-2\"><\/i>\t\t\t\t<\/span>\n\t\t\t<\/div>\n\t\t\t\n\t\t\t\t\t\t<div class=\"elementor-icon-box-content\">\n\n\t\t\t\t\t\t\t\t\t<h5 class=\"elementor-icon-box-title\">\n\t\t\t\t\t\t<span  >\n\t\t\t\t\t\t\tService personnalis\u00e9\t\t\t\t\t\t<\/span>\n\t\t\t\t\t<\/h5>\n\t\t\t\t\n\t\t\t\t\n\t\t\t<\/div>\n\t\t\t\n\t\t<\/div>\n\t\t\t\t\t\t<\/div>\n\t\t\t\t<div class=\"elementor-element elementor-element-51bb3dd elementor-widget elementor-widget-text-editor\" data-id=\"51bb3dd\" data-element_type=\"widget\" data-widget_type=\"text-editor.default\">\n\t\t\t\t\t\t\t\t\t<p>Contrairement aux services standardis\u00e9s, nous prenons le temps de comprendre vos besoins sp\u00e9cifiques. Un si\u00e8ge auto pour votre enfant ? De l&#8217;eau fra\u00eeche apr\u00e8s un long vol ? Un arr\u00eat impr\u00e9vu ? Rien n&#8217;est trop pour rendre votre voyage parfait.<\/p>\t\t\t\t\t\t\t\t<\/div>\n\t\t\t\t\t<\/div>\n\t\t<\/div>\n\t\t\t\t<div class=\"elementor-column elementor-col-33 elementor-inner-column elementor-element elementor-element-1bc0154\" data-id=\"1bc0154\" data-element_type=\"column\">\n\t\t\t<div class=\"elementor-widget-wrap elementor-element-populated\">\n\t\t\t\t\t\t<div class=\"elementor-element elementor-element-95de135 elementor-position-left elementor-view-default elementor-mobile-position-top elementor-widget elementor-widget-icon-box\" data-id=\"95de135\" data-element_type=\"widget\" data-widget_type=\"icon-box.default\">\n\t\t\t\t\t\t\t<div class=\"elementor-icon-box-wrapper\">\n\n\t\t\t\t\t\t<div class=\"elementor-icon-box-icon\">\n\t\t\t\t<span  class=\"elementor-icon\">\n\t\t\t\t<i aria-hidden=\"true\" class=\"icon icon-Speed-Clock\"><\/i>\t\t\t\t<\/span>\n\t\t\t<\/div>\n\t\t\t\n\t\t\t\t\t\t<div class=\"elementor-icon-box-content\">\n\n\t\t\t\t\t\t\t\t\t<h5 class=\"elementor-icon-box-title\">\n\t\t\t\t\t\t<span  >\n\t\t\t\t\t\t\tPonctualit\u00e9 garantie \t\t\t\t\t\t<\/span>\n\t\t\t\t\t<\/h5>\n\t\t\t\t\n\t\t\t\t\n\t\t\t<\/div>\n\t\t\t\n\t\t<\/div>\n\t\t\t\t\t\t<\/div>\n\t\t\t\t<div class=\"elementor-element elementor-element-a14d7e5 elementor-widget elementor-widget-text-editor\" data-id=\"a14d7e5\" data-element_type=\"widget\" data-widget_type=\"text-editor.default\">\n\t\t\t\t\t\t\t\t\t<p>Nous comprenons que votre temps est pr\u00e9cieux. Nous surveillons les retards de vol pour nous ajuster en cons\u00e9quence et vous accueillir d\u00e8s votre sortie de l&#8217;a\u00e9roport.<\/p>\t\t\t\t\t\t\t\t<\/div>\n\t\t\t\t\t<\/div>\n\t\t<\/div>\n\t\t\t\t\t<\/div>\n\t\t<\/section>\n\t\t\t\t\t<\/div>\n\t\t<\/div>\n\t\t\t\t\t<\/div>\n\t\t<\/section>\n\t\t\t\t<section class=\"elementor-section elementor-top-section elementor-element elementor-element-bd70ae8 elementor-section-boxed elementor-section-height-default elementor-section-height-default\" data-id=\"bd70ae8\" data-element_type=\"section\" data-settings=\"{&quot;background_background&quot;:&quot;classic&quot;}\">\n\t\t\t\t\t\t<div class=\"elementor-container elementor-column-gap-default\">\n\t\t\t\t\t<div class=\"elementor-column elementor-col-50 elementor-top-column elementor-element elementor-element-bd219ab\" data-id=\"bd219ab\" data-element_type=\"column\">\n\t\t\t<div class=\"elementor-widget-wrap elementor-element-populated\">\n\t\t\t\t\t\t<div class=\"elementor-element elementor-element-9926cb3 elementor-widget elementor-widget-text-editor\" data-id=\"9926cb3\" data-element_type=\"widget\" data-widget_type=\"text-editor.default\">\n\t\t\t\t\t\t\t\t\t<h2>Notre Flotte<\/h2><p class=\"ds-markdown-paragraph\"><strong>VAN Mercedes Classe V<\/strong>\u00a0&#8211; Capacit\u00e9 : 7 passagers + 9 valises. Id\u00e9al pour les groupes et familles. Confort premium et \u00e9quipements modernes.<\/p><p class=\"ds-markdown-paragraph\"><strong>Berline Premium<\/strong>\u00a0&#8211; Capacit\u00e9 : 3 passagers + 4 valises. \u00c9l\u00e9gance et discr\u00e9tion pour d\u00e9placements professionnels.<\/p><p class=\"ds-markdown-paragraph\">Tous nos v\u00e9hicules sont climatis\u00e9s, \u00e9quip\u00e9s de Wi-Fi gratuit et maintenus dans un \u00e9tat impeccable.<\/p>\t\t\t\t\t\t\t\t<\/div>\n\t\t\t\t\t<\/div>\n\t\t<\/div>\n\t\t\t\t<div class=\"elementor-column elementor-col-50 elementor-top-column elementor-element elementor-element-d246a1e\" data-id=\"d246a1e\" data-element_type=\"column\">\n\t\t\t<div class=\"elementor-widget-wrap elementor-element-populated\">\n\t\t\t\t\t\t<div class=\"elementor-element elementor-element-07e4d09 elementor-widget elementor-widget-image\" data-id=\"07e4d09\" data-element_type=\"widget\" data-widget_type=\"image.default\">\n\t\t\t\t\t\t\t\t\t\t\t\t\t\t\t<img fetchpriority=\"high\" width=\"670\" height=\"446\" src=\"https:\/\/vtc-lehavre.fr\/wp-content\/uploads\/2025\/09\/c6-1.jpg\" class=\"attachment-large size-large wp-image-23639\" alt=\"\" srcset=\"https:\/\/vtc-lehavre.fr\/wp-content\/uploads\/2025\/09\/c6-1.jpg 670w, https:\/\/vtc-lehavre.fr\/wp-content\/uploads\/2025\/09\/c6-1-300x200.jpg 300w, https:\/\/vtc-lehavre.fr\/wp-content\/uploads\/2025\/09\/c6-1-460x306.jpg 460w, https:\/\/vtc-lehavre.fr\/wp-content\/uploads\/2025\/09\/c6-1-600x399.jpg 600w\" sizes=\"(max-width: 670px) 100vw, 670px\" \/>\t\t\t\t\t\t\t\t\t\t\t\t\t\t\t<\/div>\n\t\t\t\t\t<\/div>\n\t\t<\/div>\n\t\t\t\t\t<\/div>\n\t\t<\/section>\n\t\t\t\t<section class=\"elementor-section elementor-top-section elementor-element elementor-element-cfc4194 elementor-section-boxed elementor-section-height-default elementor-section-height-default\" data-id=\"cfc4194\" data-element_type=\"section\" data-settings=\"{&quot;background_background&quot;:&quot;classic&quot;}\">\n\t\t\t\t\t\t<div class=\"elementor-container elementor-column-gap-default\">\n\t\t\t\t\t<div class=\"elementor-column elementor-col-100 elementor-top-column elementor-element elementor-element-24f8b36\" data-id=\"24f8b36\" data-element_type=\"column\">\n\t\t\t<div class=\"elementor-widget-wrap elementor-element-populated\">\n\t\t\t\t\t\t<div class=\"elementor-element elementor-element-0a8425f elementor-widget elementor-widget-text-editor\" data-id=\"0a8425f\" data-element_type=\"widget\" data-widget_type=\"text-editor.default\">\n\t\t\t\t\t\t\t\t\t<h2>Notre Promesse<\/h2><p class=\"ds-markdown-paragraph\">Si un \u00e9l\u00e9ment de notre service ne vous satisfait pas, nous nous engageons \u00e0 rectifier imm\u00e9diatement la situation. Votre satisfaction totale est la seule mesure de notre r\u00e9ussite.<\/p><p class=\"ds-markdown-paragraph\"><strong>Pr\u00eat \u00e0 d\u00e9couvrir la diff\u00e9rence VTC LE HAVRE ?<\/strong><\/p><p class=\"ds-markdown-paragraph\">\ud83d\udcde\u00a0<strong>T\u00e9l\u00e9phone\/WhatsApp :<\/strong>\u00a0+33 6 60 67 49 75<br \/>\u2709\ufe0f\u00a0<strong>Email :<\/strong>\u00a0<a href=\"https:\/\/mailto:transport-lehavre@outlook.fr\/\" target=\"_blank\" rel=\"noopener noreferrer\">transport-lehavre@outlook.fr<\/a><\/p><p class=\"ds-markdown-paragraph\">*Service disponible 7j\/7 &#8211; Devis gratuit sans engagement*<\/p>\t\t\t\t\t\t\t\t<\/div>\n\t\t\t\t\t<\/div>\n\t\t<\/div>\n\t\t\t\t\t<\/div>\n\t\t<\/section>\n\t\t\t\t<\/div>\n\t\t","protected":false},"excerpt":{"rendered":"<p>About .. Notre Histoire Fond\u00e9e au c\u0153ur de la Normandie, VTC LE HAVRE est n\u00e9e d&#8217;une passion pour l&#8217;excellence du service et du d\u00e9sir de red\u00e9finir les standards du transport priv\u00e9 dans la r\u00e9gion. Depuis nos d\u00e9buts, nous avons construit notre r\u00e9putation sur trois piliers fondamentaux : la ponctualit\u00e9 absolue, le professionnalisme irr\u00e9prochable et l&#8217;attention [&hellip;]<\/p>\n","protected":false},"author":1,"featured_media":0,"parent":0,"menu_order":0,"comment_status":"closed","ping_status":"closed","template":"","meta":{"footnotes":""},"class_list":["post-32","page","type-page","status-publish","hentry"],"_links":{"self":[{"href":"https:\/\/vtc-lehavre.fr\/index.php\/wp-json\/wp\/v2\/pages\/32","targetHints":{"allow":["GET"]}}],"collection":[{"href":"https:\/\/vtc-lehavre.fr\/index.php\/wp-json\/wp\/v2\/pages"}],"about":[{"href":"https:\/\/vtc-lehavre.fr\/index.php\/wp-json\/wp\/v2\/types\/page"}],"author":[{"embeddable":true,"href":"https:\/\/vtc-lehavre.fr\/index.php\/wp-json\/wp\/v2\/users\/1"}],"replies":[{"embeddable":true,"href":"https:\/\/vtc-lehavre.fr\/index.php\/wp-json\/wp\/v2\/comments?post=32"}],"version-history":[{"count":0,"href":"https:\/\/vtc-lehavre.fr\/index.php\/wp-json\/wp\/v2\/pages\/32\/revisions"}],"wp:attachment":[{"href":"https:\/\/vtc-lehavre.fr\/index.php\/wp-json\/wp\/v2\/media?parent=32"}],"curies":[{"name":"wp","href":"https:\/\/api.w.org\/{rel}","templated":true}]}}