{"id":23736,"date":"2025-09-08T16:39:40","date_gmt":"2025-09-08T16:39:40","guid":{"rendered":"https:\/\/vtc-lehavre.fr\/?page_id=23736"},"modified":"2025-09-10T19:31:35","modified_gmt":"2025-09-10T19:31:35","slug":"deplacements-professionnels","status":"publish","type":"page","link":"https:\/\/vtc-lehavre.fr\/index.php\/deplacements-professionnels\/","title":{"rendered":"D\u00e9placements professionnels"},"content":{"rendered":"\t\t<div data-elementor-type=\"wp-page\" data-elementor-id=\"23736\" class=\"elementor elementor-23736\" data-elementor-post-type=\"page\">\n\t\t\t\t\t\t<section class=\"elementor-section elementor-top-section elementor-element elementor-element-41a5832b elementor-section-height-min-height elementor-section-items-bottom elementor-section-boxed elementor-section-height-default\" data-id=\"41a5832b\" data-element_type=\"section\" data-settings=\"{&quot;background_background&quot;:&quot;classic&quot;}\">\n\t\t\t\t\t\t\t<div class=\"elementor-background-overlay\"><\/div>\n\t\t\t\t\t\t\t<div class=\"elementor-container elementor-column-gap-default\">\n\t\t\t\t\t<div class=\"elementor-column elementor-col-100 elementor-top-column elementor-element elementor-element-1185cec3\" data-id=\"1185cec3\" data-element_type=\"column\" data-settings=\"{&quot;background_background&quot;:&quot;classic&quot;}\">\n\t\t\t<div class=\"elementor-widget-wrap elementor-element-populated\">\n\t\t\t\t\t<div class=\"elementor-background-overlay\"><\/div>\n\t\t\t\t\t\t<section class=\"elementor-section elementor-inner-section elementor-element elementor-element-79d47c47 elementor-section-boxed elementor-section-height-default elementor-section-height-default\" data-id=\"79d47c47\" data-element_type=\"section\">\n\t\t\t\t\t\t<div class=\"elementor-container elementor-column-gap-default\">\n\t\t\t\t\t<div class=\"elementor-column elementor-col-100 elementor-inner-column elementor-element elementor-element-5588f018\" data-id=\"5588f018\" data-element_type=\"column\">\n\t\t\t<div class=\"elementor-widget-wrap elementor-element-populated\">\n\t\t\t\t\t\t<div class=\"elementor-element elementor-element-4ea5858c elementor-widget elementor-widget-heading\" data-id=\"4ea5858c\" data-element_type=\"widget\" data-widget_type=\"heading.default\">\n\t\t\t\t\t<h2 class=\"elementor-heading-title elementor-size-default\">D\u00e9placements professionnels<\/h2>\t\t\t\t<\/div>\n\t\t\t\t\t<\/div>\n\t\t<\/div>\n\t\t\t\t\t<\/div>\n\t\t<\/section>\n\t\t\t\t\t<\/div>\n\t\t<\/div>\n\t\t\t\t\t<\/div>\n\t\t<\/section>\n\t\t\t\t<section class=\"elementor-section elementor-top-section elementor-element elementor-element-2c771a7a elementor-section-boxed elementor-section-height-default elementor-section-height-default\" data-id=\"2c771a7a\" data-element_type=\"section\" data-settings=\"{&quot;background_background&quot;:&quot;classic&quot;}\">\n\t\t\t\t\t\t<div class=\"elementor-container elementor-column-gap-default\">\n\t\t\t\t\t<div class=\"elementor-column elementor-col-100 elementor-top-column elementor-element elementor-element-280c1383\" data-id=\"280c1383\" data-element_type=\"column\">\n\t\t\t<div class=\"elementor-widget-wrap elementor-element-populated\">\n\t\t\t\t\t\t<div class=\"elementor-element elementor-element-1988004e elementor-widget elementor-widget-heading\" data-id=\"1988004e\" data-element_type=\"widget\" data-widget_type=\"heading.default\">\n\t\t\t\t\t<h2 class=\"elementor-heading-title elementor-size-default\">Services de Transport d'Affaires et Corporate en Normandie<\/h2>\t\t\t\t<\/div>\n\t\t\t\t<div class=\"elementor-element elementor-element-5bd92eaa elementor-widget elementor-widget-text-editor\" data-id=\"5bd92eaa\" data-element_type=\"widget\" data-widget_type=\"text-editor.default\">\n\t\t\t\t\t\t\t\t\t<p class=\"ds-markdown-paragraph\">Les d\u00e9placements professionnels peuvent \u00eatre exigeants \u2014 mais votre transport d&#8217;entreprise ne doit pas l&#8217;\u00eatre. Chez VTC-LEHAVRE, nous proposons des services de transfert professionnel premium dans toute la Normandie et au-del\u00e0, desservant Le Havre, Rouen, Caen et la r\u00e9gion parisienne.<\/p><p class=\"ds-markdown-paragraph\">Que vous assistiez \u00e0 des r\u00e9unions, transportiez des clients ou organisiez des \u00e9v\u00e9nements d&#8217;entreprise, nous offrons une exp\u00e9rience discr\u00e8te, efficace et professionnelle con\u00e7ue pour maximiser votre productivit\u00e9 et votre confort.<\/p>\t\t\t\t\t\t\t\t<\/div>\n\t\t\t\t<div class=\"elementor-element elementor-element-3c0760da elementor-widget elementor-widget-text-editor\" data-id=\"3c0760da\" data-element_type=\"widget\" data-widget_type=\"text-editor.default\">\n\t\t\t\t\t\t\t\t\t<h2>Transferts A\u00e9roport Fiables vers et depuis CDG &amp; ORY<\/h2><p class=\"ds-markdown-paragraph\">Nos chauffeurs professionnels comprennent les emplois du temps professionnels et l&#8217;\u00e9tiquette des affaires, garantissant des arriv\u00e9es et d\u00e9parts ponctuels pour tous vos engagements professionnels. Nous vous retrouvons \u00e0 l&#8217;endroit sp\u00e9cifi\u00e9 avec discr\u00e9tion, aidons avec les bagages ou \u00e9quipements, et vous garantissons une arriv\u00e9e pr\u00e9par\u00e9e et sans stress.<\/p><p class=\"ds-markdown-paragraph\">Des r\u00e9unions t\u00f4t le matin aux \u00e9v\u00e9nements corporate en soir\u00e9e, VTC-LEHAVRE garantit un trajet professionnel, confortable et efficace.<\/p><ul><li><p class=\"ds-markdown-paragraph\"><strong>Surveillance des horaires en temps r\u00e9el<\/strong><\/p><\/li><li><p class=\"ds-markdown-paragraph\"><strong>Service professionnel discret<\/strong><\/p><\/li><li><p class=\"ds-markdown-paragraph\"><strong>Capacit\u00e9s de bureau mobile<\/strong><\/p><\/li><li><p class=\"ds-markdown-paragraph\"><strong>Tarification corporate transparente<\/strong><\/p><\/li><\/ul>\t\t\t\t\t\t\t\t<\/div>\n\t\t\t\t<div class=\"elementor-element elementor-element-3740a044 elementor-icon-list--layout-inline elementor-list-item-link-full_width elementor-widget elementor-widget-icon-list\" data-id=\"3740a044\" data-element_type=\"widget\" data-widget_type=\"icon-list.default\">\n\t\t\t\t\t\t\t<ul class=\"elementor-icon-list-items elementor-inline-items\">\n\t\t\t\t\t\t\t<li class=\"elementor-icon-list-item elementor-inline-item\">\n\t\t\t\t\t\t\t\t\t\t\t<span class=\"elementor-icon-list-icon\">\n\t\t\t\t\t\t\t<svg aria-hidden=\"true\" class=\"e-font-icon-svg e-fas-check\" viewBox=\"0 0 512 512\" xmlns=\"http:\/\/www.w3.org\/2000\/svg\"><path d=\"M173.898 439.404l-166.4-166.4c-9.997-9.997-9.997-26.206 0-36.204l36.203-36.204c9.997-9.998 26.207-9.998 36.204 0L192 312.69 432.095 72.596c9.997-9.997 26.207-9.997 36.204 0l36.203 36.204c9.997 9.997 9.997 26.206 0 36.204l-294.4 294.401c-9.998 9.997-26.207 9.997-36.204-.001z\"><\/path><\/svg>\t\t\t\t\t\t<\/span>\n\t\t\t\t\t\t\t\t\t\t<span class=\"elementor-icon-list-text\">Surveillance des vols en temps r\u00e9el<\/span>\n\t\t\t\t\t\t\t\t\t<\/li>\n\t\t\t\t\t\t\t\t<li class=\"elementor-icon-list-item elementor-inline-item\">\n\t\t\t\t\t\t\t\t\t\t\t<span class=\"elementor-icon-list-icon\">\n\t\t\t\t\t\t\t<svg aria-hidden=\"true\" class=\"e-font-icon-svg e-fas-check\" viewBox=\"0 0 512 512\" xmlns=\"http:\/\/www.w3.org\/2000\/svg\"><path d=\"M173.898 439.404l-166.4-166.4c-9.997-9.997-9.997-26.206 0-36.204l36.203-36.204c9.997-9.998 26.207-9.998 36.204 0L192 312.69 432.095 72.596c9.997-9.997 26.207-9.997 36.204 0l36.203 36.204c9.997 9.997 9.997 26.206 0 36.204l-294.4 294.401c-9.998 9.997-26.207 9.997-36.204-.001z\"><\/path><\/svg>\t\t\t\t\t\t<\/span>\n\t\t\t\t\t\t\t\t\t\t<span class=\"elementor-icon-list-text\">Accueil personnalis\u00e9\u00a0avec pancarte nominative<\/span>\n\t\t\t\t\t\t\t\t\t<\/li>\n\t\t\t\t\t\t\t\t<li class=\"elementor-icon-list-item elementor-inline-item\">\n\t\t\t\t\t\t\t\t\t\t\t<span class=\"elementor-icon-list-icon\">\n\t\t\t\t\t\t\t<svg aria-hidden=\"true\" class=\"e-font-icon-svg e-fas-check\" viewBox=\"0 0 512 512\" xmlns=\"http:\/\/www.w3.org\/2000\/svg\"><path d=\"M173.898 439.404l-166.4-166.4c-9.997-9.997-9.997-26.206 0-36.204l36.203-36.204c9.997-9.998 26.207-9.998 36.204 0L192 312.69 432.095 72.596c9.997-9.997 26.207-9.997 36.204 0l36.203 36.204c9.997 9.997 9.997 26.206 0 36.204l-294.4 294.401c-9.998 9.997-26.207 9.997-36.204-.001z\"><\/path><\/svg>\t\t\t\t\t\t<\/span>\n\t\t\t\t\t\t\t\t\t\t<span class=\"elementor-icon-list-text\">Assistance bagages\u00a0sans frais suppl\u00e9mentaires<\/span>\n\t\t\t\t\t\t\t\t\t<\/li>\n\t\t\t\t\t\t\t\t<li class=\"elementor-icon-list-item elementor-inline-item\">\n\t\t\t\t\t\t\t\t\t\t\t<span class=\"elementor-icon-list-icon\">\n\t\t\t\t\t\t\t<svg aria-hidden=\"true\" class=\"e-font-icon-svg e-fas-check\" viewBox=\"0 0 512 512\" xmlns=\"http:\/\/www.w3.org\/2000\/svg\"><path d=\"M173.898 439.404l-166.4-166.4c-9.997-9.997-9.997-26.206 0-36.204l36.203-36.204c9.997-9.998 26.207-9.998 36.204 0L192 312.69 432.095 72.596c9.997-9.997 26.207-9.997 36.204 0l36.203 36.204c9.997 9.997 9.997 26.206 0 36.204l-294.4 294.401c-9.998 9.997-26.207 9.997-36.204-.001z\"><\/path><\/svg>\t\t\t\t\t\t<\/span>\n\t\t\t\t\t\t\t\t\t\t<span class=\"elementor-icon-list-text\">Tarifs fixes\u00a0et transparents sans surprise<\/span>\n\t\t\t\t\t\t\t\t\t<\/li>\n\t\t\t\t\t\t<\/ul>\n\t\t\t\t\t\t<\/div>\n\t\t\t\t<div class=\"elementor-element elementor-element-61e47ed5 elementor-widget__width-initial elementor-widget elementor-widget-button\" data-id=\"61e47ed5\" data-element_type=\"widget\" data-widget_type=\"button.default\">\n\t\t\t\t\t\t\t\t\t\t<a class=\"elementor-button elementor-button-link elementor-size-sm\" href=\"https:\/\/vtc-lehavre.fr\/index.php\/contactez-nous\/\">\n\t\t\t\t\t\t<span class=\"elementor-button-content-wrapper\">\n\t\t\t\t\t\t\t\t\t<span class=\"elementor-button-text\">Obtenir un devis<\/span>\n\t\t\t\t\t<\/span>\n\t\t\t\t\t<\/a>\n\t\t\t\t\t\t\t\t<\/div>\n\t\t\t\t<div class=\"elementor-element elementor-element-2b21115e elementor-widget__width-initial elementor-widget elementor-widget-button\" data-id=\"2b21115e\" data-element_type=\"widget\" data-widget_type=\"button.default\">\n\t\t\t\t\t\t\t\t\t\t<a class=\"elementor-button elementor-button-link elementor-size-sm\" href=\"https:\/\/vtc-lehavre.fr\/index.php\/reservation\/\">\n\t\t\t\t\t\t<span class=\"elementor-button-content-wrapper\">\n\t\t\t\t\t\t\t\t\t<span class=\"elementor-button-text\">R\u00e9server maintenant<\/span>\n\t\t\t\t\t<\/span>\n\t\t\t\t\t<\/a>\n\t\t\t\t\t\t\t\t<\/div>\n\t\t\t\t<div class=\"elementor-element elementor-element-26a8f9e1 elementor-widget elementor-widget-image\" data-id=\"26a8f9e1\" data-element_type=\"widget\" data-widget_type=\"image.default\">\n\t\t\t\t\t\t\t\t\t\t\t\t\t\t\t<img fetchpriority=\"high\" width=\"800\" height=\"520\" src=\"https:\/\/vtc-lehavre.fr\/wp-content\/uploads\/2025\/09\/news6-1024x665.webp\" class=\"attachment-large size-large wp-image-23898\" alt=\"\" srcset=\"https:\/\/vtc-lehavre.fr\/wp-content\/uploads\/2025\/09\/news6-1024x665.webp 1024w, https:\/\/vtc-lehavre.fr\/wp-content\/uploads\/2025\/09\/news6-300x195.webp 300w, https:\/\/vtc-lehavre.fr\/wp-content\/uploads\/2025\/09\/news6-768x499.webp 768w, https:\/\/vtc-lehavre.fr\/wp-content\/uploads\/2025\/09\/news6-460x299.webp 460w, https:\/\/vtc-lehavre.fr\/wp-content\/uploads\/2025\/09\/news6-800x519.webp 800w, https:\/\/vtc-lehavre.fr\/wp-content\/uploads\/2025\/09\/news6.webp 1100w\" sizes=\"(max-width: 800px) 100vw, 800px\" \/>\t\t\t\t\t\t\t\t\t\t\t\t\t\t\t<\/div>\n\t\t\t\t<div class=\"elementor-element elementor-element-2f2334cb elementor-widget elementor-widget-heading\" data-id=\"2f2334cb\" data-element_type=\"widget\" data-widget_type=\"heading.default\">\n\t\t\t\t\t<h2 class=\"elementor-heading-title elementor-size-default\">Pourquoi Nous Choisir pour Vos Transports Professionnels<\/h2>\t\t\t\t<\/div>\n\t\t\t\t<section class=\"elementor-section elementor-inner-section elementor-element elementor-element-1343f010 elementor-section-boxed elementor-section-height-default elementor-section-height-default\" data-id=\"1343f010\" data-element_type=\"section\">\n\t\t\t\t\t\t<div class=\"elementor-container elementor-column-gap-default\">\n\t\t\t\t\t<div class=\"elementor-column elementor-col-33 elementor-inner-column elementor-element elementor-element-c7aa74d\" data-id=\"c7aa74d\" data-element_type=\"column\">\n\t\t\t<div class=\"elementor-widget-wrap elementor-element-populated\">\n\t\t\t\t\t\t<div class=\"elementor-element elementor-element-156a8433 elementor-icon-list--layout-traditional elementor-list-item-link-full_width elementor-widget elementor-widget-icon-list\" data-id=\"156a8433\" data-element_type=\"widget\" data-widget_type=\"icon-list.default\">\n\t\t\t\t\t\t\t<ul class=\"elementor-icon-list-items\">\n\t\t\t\t\t\t\t<li class=\"elementor-icon-list-item\">\n\t\t\t\t\t\t\t\t\t\t\t<span class=\"elementor-icon-list-icon\">\n\t\t\t\t\t\t\t<i aria-hidden=\"true\" class=\"icon icon-car1\"><\/i>\t\t\t\t\t\t<\/span>\n\t\t\t\t\t\t\t\t\t\t<span class=\"elementor-icon-list-text\">Service Ponctuel et Professionnel<\/span>\n\t\t\t\t\t\t\t\t\t<\/li>\n\t\t\t\t\t\t<\/ul>\n\t\t\t\t\t\t<\/div>\n\t\t\t\t<div class=\"elementor-element elementor-element-36a8d79f elementor-widget elementor-widget-text-editor\" data-id=\"36a8d79f\" data-element_type=\"widget\" data-widget_type=\"text-editor.default\">\n\t\t\t\t\t\t\t\t\t<p>Nous comprenons les imp\u00e9ratifs des affaires. Nos chauffeurs garantissent des arriv\u00e9es ponctuelles pour r\u00e9unions, pr\u00e9sentations et \u00e9v\u00e9nements corporate.<\/p>\t\t\t\t\t\t\t\t<\/div>\n\t\t\t\t\t<\/div>\n\t\t<\/div>\n\t\t\t\t<div class=\"elementor-column elementor-col-33 elementor-inner-column elementor-element elementor-element-7125461e\" data-id=\"7125461e\" data-element_type=\"column\">\n\t\t\t<div class=\"elementor-widget-wrap elementor-element-populated\">\n\t\t\t\t\t\t<div class=\"elementor-element elementor-element-53bce910 elementor-icon-list--layout-traditional elementor-list-item-link-full_width elementor-widget elementor-widget-icon-list\" data-id=\"53bce910\" data-element_type=\"widget\" data-widget_type=\"icon-list.default\">\n\t\t\t\t\t\t\t<ul class=\"elementor-icon-list-items\">\n\t\t\t\t\t\t\t<li class=\"elementor-icon-list-item\">\n\t\t\t\t\t\t\t\t\t\t\t<span class=\"elementor-icon-list-icon\">\n\t\t\t\t\t\t\t<i aria-hidden=\"true\" class=\"icon icon-star\"><\/i>\t\t\t\t\t\t<\/span>\n\t\t\t\t\t\t\t\t\t\t<span class=\"elementor-icon-list-text\">Flotte Premium pour Besoins Professionnels<\/span>\n\t\t\t\t\t\t\t\t\t<\/li>\n\t\t\t\t\t\t<\/ul>\n\t\t\t\t\t\t<\/div>\n\t\t\t\t<div class=\"elementor-element elementor-element-54309bd3 elementor-widget elementor-widget-text-editor\" data-id=\"54309bd3\" data-element_type=\"widget\" data-widget_type=\"text-editor.default\">\n\t\t\t\t\t\t\t\t\t<p>Voyagez confortablement avec notre gamme de berlines premium et de VAN spacieux. Id\u00e9al pour les dirigeants, le transport de clients et les groupes d&#8217;entreprise.<\/p>\t\t\t\t\t\t\t\t<\/div>\n\t\t\t\t\t<\/div>\n\t\t<\/div>\n\t\t\t\t<div class=\"elementor-column elementor-col-33 elementor-inner-column elementor-element elementor-element-55a0c99c\" data-id=\"55a0c99c\" data-element_type=\"column\">\n\t\t\t<div class=\"elementor-widget-wrap elementor-element-populated\">\n\t\t\t\t\t\t<div class=\"elementor-element elementor-element-61412d1 elementor-icon-list--layout-traditional elementor-list-item-link-full_width elementor-widget elementor-widget-icon-list\" data-id=\"61412d1\" data-element_type=\"widget\" data-widget_type=\"icon-list.default\">\n\t\t\t\t\t\t\t<ul class=\"elementor-icon-list-items\">\n\t\t\t\t\t\t\t<li class=\"elementor-icon-list-item\">\n\t\t\t\t\t\t\t\t\t\t\t<span class=\"elementor-icon-list-icon\">\n\t\t\t\t\t\t\t<i aria-hidden=\"true\" class=\"icon icon-growth\"><\/i>\t\t\t\t\t\t<\/span>\n\t\t\t\t\t\t\t\t\t\t<span class=\"elementor-icon-list-text\">Support Business D\u00e9di\u00e9<\/span>\n\t\t\t\t\t\t\t\t\t<\/li>\n\t\t\t\t\t\t<\/ul>\n\t\t\t\t\t\t<\/div>\n\t\t\t\t<div class=\"elementor-element elementor-element-2739a4cf elementor-widget elementor-widget-text-editor\" data-id=\"2739a4cf\" data-element_type=\"widget\" data-widget_type=\"text-editor.default\">\n\t\t\t\t\t\t\t\t\t<p>Notre \u00e9quipe comprend les besoins des entreprises et fournit des solutions sur-mesure avec une facturation d\u00e9taill\u00e9e pour les notes de frais.<\/p>\t\t\t\t\t\t\t\t<\/div>\n\t\t\t\t\t<\/div>\n\t\t<\/div>\n\t\t\t\t\t<\/div>\n\t\t<\/section>\n\t\t\t\t\t<\/div>\n\t\t<\/div>\n\t\t\t\t\t<\/div>\n\t\t<\/section>\n\t\t\t\t<section class=\"elementor-section elementor-top-section elementor-element elementor-element-798ac656 elementor-section-boxed elementor-section-height-default elementor-section-height-default\" data-id=\"798ac656\" data-element_type=\"section\" data-settings=\"{&quot;background_background&quot;:&quot;classic&quot;}\">\n\t\t\t\t\t\t<div class=\"elementor-container elementor-column-gap-default\">\n\t\t\t\t\t<div class=\"elementor-column elementor-col-100 elementor-top-column elementor-element elementor-element-2e13200b\" data-id=\"2e13200b\" data-element_type=\"column\">\n\t\t\t<div class=\"elementor-widget-wrap elementor-element-populated\">\n\t\t\t\t\t\t<section class=\"elementor-section elementor-inner-section elementor-element elementor-element-42e006d0 elementor-reverse-mobile elementor-section-boxed elementor-section-height-default elementor-section-height-default\" data-id=\"42e006d0\" data-element_type=\"section\">\n\t\t\t\t\t\t<div class=\"elementor-container elementor-column-gap-default\">\n\t\t\t\t\t<div class=\"elementor-column elementor-col-50 elementor-inner-column elementor-element elementor-element-794ac43c\" data-id=\"794ac43c\" data-element_type=\"column\">\n\t\t\t<div class=\"elementor-widget-wrap elementor-element-populated\">\n\t\t\t\t\t\t<div class=\"elementor-element elementor-element-7ff6c94a elementor-widget elementor-widget-image\" data-id=\"7ff6c94a\" data-element_type=\"widget\" data-widget_type=\"image.default\">\n\t\t\t\t\t\t\t\t\t\t\t\t\t\t\t<img width=\"800\" height=\"534\" src=\"https:\/\/vtc-lehavre.fr\/wp-content\/uploads\/2025\/09\/young-male-being-uber-driver-female-client.jpg\" class=\"attachment-large size-large wp-image-82\" alt=\"\" srcset=\"https:\/\/vtc-lehavre.fr\/wp-content\/uploads\/2025\/09\/young-male-being-uber-driver-female-client.jpg 1000w, https:\/\/vtc-lehavre.fr\/wp-content\/uploads\/2025\/09\/young-male-being-uber-driver-female-client-300x200.jpg 300w, https:\/\/vtc-lehavre.fr\/wp-content\/uploads\/2025\/09\/young-male-being-uber-driver-female-client-768x512.jpg 768w, https:\/\/vtc-lehavre.fr\/wp-content\/uploads\/2025\/09\/young-male-being-uber-driver-female-client-600x400.jpg 600w\" sizes=\"(max-width: 800px) 100vw, 800px\" \/>\t\t\t\t\t\t\t\t\t\t\t\t\t\t\t<\/div>\n\t\t\t\t\t<\/div>\n\t\t<\/div>\n\t\t\t\t<div class=\"elementor-column elementor-col-50 elementor-inner-column elementor-element elementor-element-45ee98ff\" data-id=\"45ee98ff\" data-element_type=\"column\">\n\t\t\t<div class=\"elementor-widget-wrap elementor-element-populated\">\n\t\t\t\t\t\t<div class=\"elementor-element elementor-element-263815cd elementor-widget elementor-widget-heading\" data-id=\"263815cd\" data-element_type=\"widget\" data-widget_type=\"heading.default\">\n\t\t\t\t\t<h2 class=\"elementor-heading-title elementor-size-default\">Solutions de Transport Professionnel<\/h2>\t\t\t\t<\/div>\n\t\t\t\t<div class=\"elementor-element elementor-element-6d02478f elementor-widget elementor-widget-text-editor\" data-id=\"6d02478f\" data-element_type=\"widget\" data-widget_type=\"text-editor.default\">\n\t\t\t\t\t\t\t\t\t<p class=\"ds-markdown-paragraph\">Nous comprenons que le temps c&#8217;est de l&#8217;argent dans les affaires, et les retards peuvent impacter vos r\u00e9sultats. C&#8217;est pourquoi VTC-LEHAVRE s&#8217;engage \u00e0 fournir un service porte-\u00e0-porte efficace et professionnel. Que vous vous rendiez \u00e0 des r\u00e9unions, conf\u00e9rences ou \u00e9v\u00e9nements d&#8217;entreprise \u2014 vous profiterez d&#8217;un trajet productif et priv\u00e9 adapt\u00e9 aux besoins professionnels.<\/p><p class=\"ds-markdown-paragraph\">Nos services corporate incluent :<\/p><ul><li><p class=\"ds-markdown-paragraph\"><strong>Transferts de dirigeants<\/strong>\u00a0(pour d\u00e9placements professionnels individuels)<\/p><\/li><li><p class=\"ds-markdown-paragraph\"><strong>Transport de clients<\/strong>\u00a0(pour service VIP et client\u00e8le)<\/p><\/li><li><p class=\"ds-markdown-paragraph\"><strong>Transport de groupe<\/strong>\u00a0(pour d\u00e9placements d&#8217;\u00e9quipe et \u00e9v\u00e9nements)<\/p><\/li><li><p class=\"ds-markdown-paragraph\"><strong>Services corporate r\u00e9guliers<\/strong>\u00a0(pour transport quotidien d&#8217;employ\u00e9s)<\/p><\/li><\/ul><hr \/>\t\t\t\t\t\t\t\t<\/div>\n\t\t\t\t\t<\/div>\n\t\t<\/div>\n\t\t\t\t\t<\/div>\n\t\t<\/section>\n\t\t\t\t\t<\/div>\n\t\t<\/div>\n\t\t\t\t\t<\/div>\n\t\t<\/section>\n\t\t\t\t<section class=\"elementor-section elementor-top-section elementor-element elementor-element-7168b1dd elementor-section-height-min-height elementor-section-boxed elementor-section-height-default elementor-section-items-middle\" data-id=\"7168b1dd\" data-element_type=\"section\" data-settings=\"{&quot;background_background&quot;:&quot;classic&quot;}\">\n\t\t\t\t\t\t<div class=\"elementor-container elementor-column-gap-default\">\n\t\t\t\t\t<div class=\"elementor-column elementor-col-100 elementor-top-column elementor-element elementor-element-4a6f339c\" data-id=\"4a6f339c\" data-element_type=\"column\">\n\t\t\t<div class=\"elementor-widget-wrap elementor-element-populated\">\n\t\t\t\t\t\t<div class=\"elementor-element elementor-element-1c9f140b elementor-widget elementor-widget-heading\" data-id=\"1c9f140b\" data-element_type=\"widget\" data-widget_type=\"heading.default\">\n\t\t\t\t\t<h2 class=\"elementor-heading-title elementor-size-default\">Vivez l'Exp\u00e9rience du Transport Professionnel<\/h2>\t\t\t\t<\/div>\n\t\t\t\t<div class=\"elementor-element elementor-element-70d700dd elementor-widget__width-initial elementor-widget-mobile__width-initial elementor-widget elementor-widget-text-editor\" data-id=\"70d700dd\" data-element_type=\"widget\" data-widget_type=\"text-editor.default\">\n\t\t\t\t\t\t\t\t\t<p class=\"ds-markdown-paragraph\">\u00c9vitez le stress des transports en commun, des taxis peu fiables ou des probl\u00e8mes de stationnement. Avec VTC-LEHAVRE, vous b\u00e9n\u00e9ficiez d&#8217;un chauffeur professionnel, d&#8217;un service discret et d&#8217;une exp\u00e9rience premium de la prise en charge \u00e0 la destination.<\/p><p class=\"ds-markdown-paragraph\">R\u00e9servez d\u00e8s aujourd&#8217;hui votre transfert corporate et voyagez en toute confiance.<\/p>\t\t\t\t\t\t\t\t<\/div>\n\t\t\t\t<div class=\"elementor-element elementor-element-193de200 elementor-widget-divider--view-line elementor-widget elementor-widget-divider\" data-id=\"193de200\" data-element_type=\"widget\" data-widget_type=\"divider.default\">\n\t\t\t\t\t\t\t<div class=\"elementor-divider\">\n\t\t\t<span class=\"elementor-divider-separator\">\n\t\t\t\t\t\t<\/span>\n\t\t<\/div>\n\t\t\t\t\t\t<\/div>\n\t\t\t\t<div class=\"elementor-element elementor-element-89ae010 elementor-align-left elementor-widget__width-initial elementor-widget-mobile__width-inherit elementor-widget elementor-widget-button\" data-id=\"89ae010\" data-element_type=\"widget\" data-widget_type=\"button.default\">\n\t\t\t\t\t\t\t\t\t\t<a class=\"elementor-button elementor-button-link elementor-size-sm\" href=\"https:\/\/vtc-lehavre.fr\/index.php\/reservation\/\">\n\t\t\t\t\t\t<span class=\"elementor-button-content-wrapper\">\n\t\t\t\t\t\t\t\t\t<span class=\"elementor-button-text\">R\u00c9SERVER MAINTENANT<\/span>\n\t\t\t\t\t<\/span>\n\t\t\t\t\t<\/a>\n\t\t\t\t\t\t\t\t<\/div>\n\t\t\t\t<div class=\"elementor-element elementor-element-7557af4e elementor-widget__width-initial elementor-widget elementor-widget-button\" data-id=\"7557af4e\" data-element_type=\"widget\" data-widget_type=\"button.default\">\n\t\t\t\t\t\t\t\t\t\t<a class=\"elementor-button elementor-button-link elementor-size-sm\" href=\"https:\/\/vtc-lehavre.fr\/index.php\/contactez-nous\/\">\n\t\t\t\t\t\t<span class=\"elementor-button-content-wrapper\">\n\t\t\t\t\t\t\t\t\t<span class=\"elementor-button-text\">NOUS CONTACTER<\/span>\n\t\t\t\t\t<\/span>\n\t\t\t\t\t<\/a>\n\t\t\t\t\t\t\t\t<\/div>\n\t\t\t\t\t<\/div>\n\t\t<\/div>\n\t\t\t\t\t<\/div>\n\t\t<\/section>\n\t\t\t\t<\/div>\n\t\t","protected":false},"excerpt":{"rendered":"<p>Services de Transport d&#8217;Affaires et Corporate en Normandie Les d\u00e9placements professionnels peuvent \u00eatre exigeants \u2014 mais votre transport d&#8217;entreprise ne doit pas l&#8217;\u00eatre. Chez VTC-LEHAVRE, nous proposons des services de transfert professionnel premium dans toute la Normandie et au-del\u00e0, desservant Le Havre, Rouen, Caen et la r\u00e9gion parisienne. Que vous assistiez \u00e0 des r\u00e9unions, transportiez [&hellip;]<\/p>\n","protected":false},"author":1,"featured_media":0,"parent":0,"menu_order":0,"comment_status":"closed","ping_status":"closed","template":"","meta":{"footnotes":""},"class_list":["post-23736","page","type-page","status-publish","hentry"],"_links":{"self":[{"href":"https:\/\/vtc-lehavre.fr\/index.php\/wp-json\/wp\/v2\/pages\/23736","targetHints":{"allow":["GET"]}}],"collection":[{"href":"https:\/\/vtc-lehavre.fr\/index.php\/wp-json\/wp\/v2\/pages"}],"about":[{"href":"https:\/\/vtc-lehavre.fr\/index.php\/wp-json\/wp\/v2\/types\/page"}],"author":[{"embeddable":true,"href":"https:\/\/vtc-lehavre.fr\/index.php\/wp-json\/wp\/v2\/users\/1"}],"replies":[{"embeddable":true,"href":"https:\/\/vtc-lehavre.fr\/index.php\/wp-json\/wp\/v2\/comments?post=23736"}],"version-history":[{"count":0,"href":"https:\/\/vtc-lehavre.fr\/index.php\/wp-json\/wp\/v2\/pages\/23736\/revisions"}],"wp:attachment":[{"href":"https:\/\/vtc-lehavre.fr\/index.php\/wp-json\/wp\/v2\/media?parent=23736"}],"curies":[{"name":"wp","href":"https:\/\/api.w.org\/{rel}","templated":true}]}}